{"id":6546,"date":"2024-03-28T16:50:42","date_gmt":"2024-03-28T16:50:42","guid":{"rendered":"http:\/\/localhost\/mumbaifood\/?page_id=6546"},"modified":"2024-06-20T10:23:30","modified_gmt":"2024-06-20T08:23:30","slug":"evenimente","status":"publish","type":"page","link":"https:\/\/mumbaifood.ro\/en\/evenimente\/","title":{"rendered":"Events"},"content":{"rendered":"<div data-elementor-type=\"wp-page\" data-elementor-id=\"6546\" class=\"elementor elementor-6546\">\n\t\t\t\t\t\t<section class=\"elementor-section elementor-top-section elementor-element elementor-element-4d32641e pt-section-content-fullwidth pt_scroll_y_120 pt-parallax-on-scroll elementor-section-boxed elementor-section-height-default elementor-section-height-default\" data-id=\"4d32641e\" data-element_type=\"section\" data-settings=\"{&quot;background_background&quot;:&quot;classic&quot;}\" data-pt-parallax-y=\"120\" style=\"background-image: none;\" data-pt-background-image=\"https:\/\/mumbaifood.ro\/wp-content\/uploads\/2024\/05\/evenimente-min1.jpg\">\n\t\t\t\t\t\t\t<div class=\"elementor-background-overlay\"><\/div>\n\t\t\t\t\t\t\t<div class=\"elementor-container elementor-column-gap-no\">\n\t\t\t\t\t<div class=\"elementor-column elementor-col-100 elementor-top-column elementor-element elementor-element-156f2740 dark-color\" data-id=\"156f2740\" data-element_type=\"column\">\n\t\t\t<div class=\"elementor-widget-wrap elementor-element-populated\">\n\t\t\t\t\t\t<div class=\"elementor-element elementor-element-61378f01 elementor-widget elementor-widget-pt_title\" data-id=\"61378f01\" data-element_type=\"widget\" data-widget_type=\"pt_title.default\">\n\t\t\t\t<div class=\"elementor-widget-container\">\n\t\t\t\n        <div class=\"pt-title-wrap text-center\">\t            <div class=\"pt-subtitle-wrap\"><span class=\"pt-subtitle color-white style-bordered\">MUMBAI FOOD<\/span><\/div>\t            <h1 class=\"pt-title\">\n\t                EVENTS\t            <\/h1>        <\/div>\t\t<\/div>\n\t\t\t\t<\/div>\n\t\t\t\t\t<\/div>\n\t\t<\/div>\n\t\t\t\t\t<\/div>\n\t\t<\/section>\n\t\t\t\t<section class=\"elementor-section elementor-top-section elementor-element elementor-element-7f92fd17 elementor-section-boxed elementor-section-height-default elementor-section-height-default\" data-id=\"7f92fd17\" data-element_type=\"section\">\n\t\t\t\t\t\t<div class=\"elementor-container elementor-column-gap-no\">\n\t\t\t\t\t<div class=\"elementor-column elementor-col-100 elementor-top-column elementor-element elementor-element-7e04178b\" data-id=\"7e04178b\" data-element_type=\"column\">\n\t\t\t<div class=\"elementor-widget-wrap elementor-element-populated\">\n\t\t\t\t\t\t<div class=\"elementor-element elementor-element-431c3fc7 elementor-widget elementor-widget-pt_title\" data-id=\"431c3fc7\" data-element_type=\"widget\" data-widget_type=\"pt_title.default\">\n\t\t\t\t<div class=\"elementor-widget-container\">\n\t\t\t\n        <div class=\"pt-title-wrap text-center\">\t            <div class=\"pt-subtitle-wrap\"><span class=\"pt-subtitle\">INDIAN CULINARY EXPERIENCE<\/span><\/div>\t            <h6 class=\"pt-title\">\n\t                Discover the magic of events at the Mumbai restaurant, where joy blends with the authentic flavors of Indian cuisine! \t            <\/h6>        <\/div>\t\t<\/div>\n\t\t\t\t<\/div>\n\t\t\t\t\t<\/div>\n\t\t<\/div>\n\t\t\t\t\t<\/div>\n\t\t<\/section>\n\t\t\t\t<section class=\"elementor-section elementor-top-section elementor-element elementor-element-cf1b43a elementor-section-boxed elementor-section-height-default elementor-section-height-default\" data-id=\"cf1b43a\" data-element_type=\"section\" data-settings=\"{&quot;background_background&quot;:&quot;classic&quot;}\">\n\t\t\t\t\t\t<div class=\"elementor-container elementor-column-gap-no\">\n\t\t\t\t\t<div class=\"elementor-column elementor-col-50 elementor-top-column elementor-element elementor-element-5777b6ce\" data-id=\"5777b6ce\" data-element_type=\"column\">\n\t\t\t<div class=\"elementor-widget-wrap elementor-element-populated\">\n\t\t\t\t\t\t<section class=\"elementor-section elementor-inner-section elementor-element elementor-element-508c9063 elementor-section-boxed elementor-section-height-default elementor-section-height-default\" data-id=\"508c9063\" data-element_type=\"section\">\n\t\t\t\t\t\t<div class=\"elementor-container elementor-column-gap-no\">\n\t\t\t\t\t<div class=\"elementor-column elementor-col-50 elementor-inner-column elementor-element elementor-element-e50477f\" data-id=\"e50477f\" data-element_type=\"column\" data-settings=\"{&quot;background_background&quot;:&quot;classic&quot;}\">\n\t\t\t<div class=\"elementor-widget-wrap elementor-element-populated\">\n\t\t\t\t\t\t<div class=\"elementor-element elementor-element-4f37ea09 pt-animation-medium-offset elementor-invisible elementor-widget elementor-widget-image\" data-id=\"4f37ea09\" data-element_type=\"widget\" data-settings=\"{&quot;_animation&quot;:&quot;fadeInUp&quot;,&quot;_animation_delay&quot;:300}\" data-widget_type=\"image.default\">\n\t\t\t\t<div class=\"elementor-widget-container\">\n\t\t\t<style>\/*! elementor - v3.20.0 - 26-03-2024 *\/\n.elementor-widget-image{text-align:center}.elementor-widget-image a{display:inline-block}.elementor-widget-image a img[src$=\".svg\"]{width:48px}.elementor-widget-image img{vertical-align:middle;display:inline-block}<\/style>\t\t\t\t\t\t\t\t\t\t<img decoding=\"async\" src=\"https:\/\/mumbaifood.ro\/wp-content\/uploads\/2024\/05\/C7V09920.jpg\" title=\"C7V09920\" alt=\"C7V09920\" loading=\"lazy\" \/>\t\t\t\t\t\t\t\t\t\t\t\t\t<\/div>\n\t\t\t\t<\/div>\n\t\t\t\t\t<\/div>\n\t\t<\/div>\n\t\t\t\t<div class=\"elementor-column elementor-col-50 elementor-inner-column elementor-element elementor-element-275a30f3\" data-id=\"275a30f3\" data-element_type=\"column\">\n\t\t\t<div class=\"elementor-widget-wrap elementor-element-populated\">\n\t\t\t\t\t\t<div class=\"elementor-element elementor-element-4925c143 pt-animation-medium-offset elementor-invisible elementor-widget elementor-widget-image\" data-id=\"4925c143\" data-element_type=\"widget\" data-settings=\"{&quot;_animation&quot;:&quot;fadeInUp&quot;,&quot;_animation_delay&quot;:100}\" data-widget_type=\"image.default\">\n\t\t\t\t<div class=\"elementor-widget-container\">\n\t\t\t\t\t\t\t\t\t\t\t\t\t<img decoding=\"async\" src=\"https:\/\/mumbaifood.ro\/wp-content\/uploads\/2024\/05\/C7V00023.jpg\" title=\"C7V00023\" alt=\"C7V00023\" loading=\"lazy\" \/>\t\t\t\t\t\t\t\t\t\t\t\t\t<\/div>\n\t\t\t\t<\/div>\n\t\t\t\t<div class=\"elementor-element elementor-element-59314c91 elementor-hidden-mobile elementor-widget elementor-widget-spacer\" data-id=\"59314c91\" data-element_type=\"widget\" data-widget_type=\"spacer.default\">\n\t\t\t\t<div class=\"elementor-widget-container\">\n\t\t\t<style>\/*! elementor - v3.20.0 - 26-03-2024 *\/\n.elementor-column .elementor-spacer-inner{height:var(--spacer-size)}.e-con{--container-widget-width:100%}.e-con-inner>.elementor-widget-spacer,.e-con>.elementor-widget-spacer{width:var(--container-widget-width,var(--spacer-size));--align-self:var(--container-widget-align-self,initial);--flex-shrink:0}.e-con-inner>.elementor-widget-spacer>.elementor-widget-container,.e-con>.elementor-widget-spacer>.elementor-widget-container{height:100%;width:100%}.e-con-inner>.elementor-widget-spacer>.elementor-widget-container>.elementor-spacer,.e-con>.elementor-widget-spacer>.elementor-widget-container>.elementor-spacer{height:100%}.e-con-inner>.elementor-widget-spacer>.elementor-widget-container>.elementor-spacer>.elementor-spacer-inner,.e-con>.elementor-widget-spacer>.elementor-widget-container>.elementor-spacer>.elementor-spacer-inner{height:var(--container-widget-height,var(--spacer-size))}.e-con-inner>.elementor-widget-spacer.elementor-widget-empty,.e-con>.elementor-widget-spacer.elementor-widget-empty{position:relative;min-height:22px;min-width:22px}.e-con-inner>.elementor-widget-spacer.elementor-widget-empty .elementor-widget-empty-icon,.e-con>.elementor-widget-spacer.elementor-widget-empty .elementor-widget-empty-icon{position:absolute;top:0;bottom:0;left:0;right:0;margin:auto;padding:0;width:22px;height:22px}<\/style>\t\t<div class=\"elementor-spacer\">\n\t\t\t<div class=\"elementor-spacer-inner\"><\/div>\n\t\t<\/div>\n\t\t\t\t<\/div>\n\t\t\t\t<\/div>\n\t\t\t\t\t<\/div>\n\t\t<\/div>\n\t\t\t\t\t<\/div>\n\t\t<\/section>\n\t\t\t\t\t<\/div>\n\t\t<\/div>\n\t\t\t\t<div class=\"elementor-column elementor-col-50 elementor-top-column elementor-element elementor-element-4b4a6e69\" data-id=\"4b4a6e69\" data-element_type=\"column\">\n\t\t\t<div class=\"elementor-widget-wrap elementor-element-populated\">\n\t\t\t\t\t\t<div class=\"elementor-element elementor-element-3c16146a elementor-widget elementor-widget-pt_title\" data-id=\"3c16146a\" data-element_type=\"widget\" data-widget_type=\"pt_title.default\">\n\t\t\t\t<div class=\"elementor-widget-container\">\n\t\t\t\n        <div class=\"pt-title-wrap\">\t            <div class=\"pt-subtitle-wrap\"><span class=\"pt-subtitle style-bordered\">MUMBAI FOOD<\/span><\/div>\t            <h5 class=\"pt-title\">\n\t                FLOREASCA\t            <\/h5>\t            <div class=\"pt-title-text\">\n\t                <p class=\" translation-block\">With an intimate location we are the perfect place to celebrate special moments in an authentic and warm setting. From anniversaries to business meetings, we are at your disposal with a diverse menu, where each dish is a culinary journey into the heart of India. Our dedicated team ensures that every detail is perfect to give you a memorable experience.<\/p><p class=\" translation-block\">Contact us to plan your event together and let us turn special moments into unforgettable memories!<\/p>\t            <\/div>                <div class=\"pt-title-btn\">\n                    <a class=\"button elementor-button-link\" role=\"button\" href=\"tel:0735353122\">\n                        <span class=\"pt-btn-text\"> 0735 353 122<\/span>\n                    <\/a>\n                <\/div>\n                    <\/div>\t\t<\/div>\n\t\t\t\t<\/div>\n\t\t\t\t\t<\/div>\n\t\t<\/div>\n\t\t\t\t\t<\/div>\n\t\t<\/section>\n\t\t\t\t<section class=\"elementor-section elementor-top-section elementor-element elementor-element-6b95deff elementor-reverse-tablet elementor-reverse-mobile elementor-section-boxed elementor-section-height-default elementor-section-height-default\" data-id=\"6b95deff\" data-element_type=\"section\" data-settings=\"{&quot;background_background&quot;:&quot;classic&quot;}\">\n\t\t\t\t\t\t<div class=\"elementor-container elementor-column-gap-no\">\n\t\t\t\t\t<div class=\"elementor-column elementor-col-50 elementor-top-column elementor-element elementor-element-59943038\" data-id=\"59943038\" data-element_type=\"column\">\n\t\t\t<div class=\"elementor-widget-wrap elementor-element-populated\">\n\t\t\t\t\t\t<div class=\"elementor-element elementor-element-1fb61723 elementor-widget elementor-widget-pt_title\" data-id=\"1fb61723\" data-element_type=\"widget\" data-widget_type=\"pt_title.default\">\n\t\t\t\t<div class=\"elementor-widget-container\">\n\t\t\t\n        <div class=\"pt-title-wrap text-right text-left-tablet\">\t            <div class=\"pt-subtitle-wrap\"><span class=\"pt-subtitle style-bordered\">MUMBAI FOOD<\/span><\/div>\t            <h5 class=\"pt-title\">\n\t                COTROCENI\t            <\/h5>\t            <div class=\"pt-title-text\">\n\t                <p class=\" translation-block\">With an intimate location we are the perfect place to celebrate special moments in an authentic and warm setting. From anniversaries to business meetings, we are at your disposal with a diverse menu, where each dish is a culinary journey into the heart of India. Our dedicated team ensures that every detail is perfect to give you a memorable experience.<\/p><p class=\" translation-block\">Contact us to plan your event together and let us turn special moments into unforgettable memories!<\/p>\t            <\/div>                <div class=\"pt-title-btn\">\n                    <a class=\"button elementor-button-link\" role=\"button\" href=\"tel:0735353124\">\n                        <span class=\"pt-btn-text\">0735 353 124<\/span>\n                    <\/a>\n                <\/div>\n                    <\/div>\t\t<\/div>\n\t\t\t\t<\/div>\n\t\t\t\t\t<\/div>\n\t\t<\/div>\n\t\t\t\t<div class=\"elementor-column elementor-col-50 elementor-top-column elementor-element elementor-element-79dcd10\" data-id=\"79dcd10\" data-element_type=\"column\">\n\t\t\t<div class=\"elementor-widget-wrap elementor-element-populated\">\n\t\t\t\t\t\t<div class=\"elementor-element elementor-element-39c13c25 pt-animation-medium-offset elementor-invisible elementor-widget elementor-widget-pt_gallery\" data-id=\"39c13c25\" data-element_type=\"widget\" data-settings=\"{&quot;_animation&quot;:&quot;fadeInUp&quot;,&quot;_animation_delay&quot;:300}\" data-widget_type=\"pt_gallery.default\">\n\t\t\t\t<div class=\"elementor-widget-container\">\n\t\t\t\n            <div class=\"pt-gallery gap-5 gallery-grid grid-col-2 align-middle-v\">\n                <div class=\"pt-gallery-wrap\">                    <div class=\"pt-gallery-item\"><img decoding=\"async\" src=\"https:\/\/mumbaifood.ro\/wp-content\/uploads\/2024\/05\/IMG_1152-2-scaled.jpg\" title=\"IMG_1152 2\" alt=\"IMG_1152 2\" loading=\"lazy\" \/>                    <\/div>                    <div class=\"pt-gallery-item\"><img decoding=\"async\" src=\"https:\/\/mumbaifood.ro\/wp-content\/uploads\/2024\/05\/IMG_1156-2-scaled.jpg\" title=\"IMG_1156 2\" alt=\"IMG_1156 2\" loading=\"lazy\" \/>                    <\/div>                <\/div>\n            <\/div>\t\t<\/div>\n\t\t\t\t<\/div>\n\t\t\t\t\t<\/div>\n\t\t<\/div>\n\t\t\t\t\t<\/div>\n\t\t<\/section>\n\t\t\t\t<\/div>","protected":false},"excerpt":{"rendered":"<p>MUMBAI FOOD EVENIMENTE EXPERIEN\u021a\u0102 CULINAR\u0102 INDIAN\u0102 Descoper\u0103 magia evenimentelor la restaurantul Mumbai, unde bucuria se \u00eembin\u0103 cu aromele autentice ale buc\u0103t\u0103riei indiene! MUMBAI FOOD FLOREASCA Cu o loca\u021bie intim\u0103 suntem locul perfect pentru a celebra momente speciale \u00eentr-un cadru autentic \u0219i cald. De la anivers\u0103ri la \u00eent\u00e2lniri de afaceri, v\u0103 st\u0103m la dispozi\u021bie cu un &#8230;<\/p>","protected":false},"author":1,"featured_media":0,"parent":0,"menu_order":0,"comment_status":"closed","ping_status":"closed","template":"template-wide-content.php","meta":{"patiotime_single_page_hide_site_header":"","patiotime_single_page_site_header_source":"","patiotime_single_page_custom_site_header":"0","patiotime_single_page_custom_sticky_site_header":"0","patiotime_single_page_custom_page_title_margin_top_source":"","patiotime_single_page_custom_page_title_desktop_margin_top":"","patiotime_single_page_custom_page_title_tablet_margin_top":"","patiotime_single_page_custom_page_title_mobile_margin_top":"","patiotime_single_page_hide_page_title":"on","patiotime_single_page_header_section_size":"","patiotime_single_page_header_background_color":"","patiotime_single_page_header_background_position_x":"center","patiotime_single_page_header_background_position_y":"center","patiotime_single_page_header_background_size":"cover","patiotime_single_page_header_background_repeat":"off","patiotime_single_page_header_background_scroll":"on","patiotime_single_page_header_text_color":"","patiotime_single_page_header_show_breadcrumb":"","patiotime_single_page_site_footer_hide_main":"","patiotime_single_custom_site_footer_main_source":"","patiotime_single_custom_site_footer_main":"0","patiotime_single_page_site_footer_hide_above":"","patiotime_single_custom_site_footer_above_source":"","patiotime_single_custom_site_footer_above":"0","patiotime_single_page_site_footer_hide_instagram":"","patiotime_single_page_site_footer_hide_bottom":"","patiotime_single_custom_mobile_menu_source":"","patiotime_single_custom_mobile_menu":"0","patiotime_single_custom_mobile_menu_animation":"","patiotime_single_custom_mobile_menu_width":"","patiotime_single_custom_mobile_menu_custom_width":375,"footnotes":""},"class_list":["post-6546","page","type-page","status-publish","hentry"],"yoast_head":"<!-- This site is optimized with the Yoast SEO plugin v23.1 - https:\/\/yoast.com\/wordpress\/plugins\/seo\/ -->\n<title>Evenimente - Mumbai Food<\/title>\n<meta name=\"robots\" content=\"index, follow, max-snippet:-1, max-image-preview:large, max-video-preview:-1\" \/>\n<link rel=\"canonical\" href=\"https:\/\/mumbaifood.ro\/en\/evenimente\/\" \/>\n<meta property=\"og:locale\" content=\"en_US\" \/>\n<meta property=\"og:type\" content=\"article\" \/>\n<meta property=\"og:title\" content=\"Evenimente - Mumbai Food\" \/>\n<meta property=\"og:description\" content=\"MUMBAI FOOD EVENIMENTE EXPERIEN\u021a\u0102 CULINAR\u0102 INDIAN\u0102 Descoper\u0103 magia evenimentelor la restaurantul Mumbai, unde bucuria se \u00eembin\u0103 cu aromele autentice ale buc\u0103t\u0103riei indiene! MUMBAI FOOD FLOREASCA Cu o loca\u021bie intim\u0103 suntem locul perfect pentru a celebra momente speciale \u00eentr-un cadru autentic \u0219i cald. De la anivers\u0103ri la \u00eent\u00e2lniri de afaceri, v\u0103 st\u0103m la dispozi\u021bie cu un ...\" \/>\n<meta property=\"og:url\" content=\"https:\/\/mumbaifood.ro\/en\/evenimente\/\" \/>\n<meta property=\"og:site_name\" content=\"Mumbai Food\" \/>\n<meta property=\"article:modified_time\" content=\"2024-06-20T08:23:30+00:00\" \/>\n<meta property=\"og:image\" content=\"https:\/\/mumbaifood.ro\/wp-content\/uploads\/2024\/05\/C7V09920.jpg\" \/>\n<meta name=\"twitter:card\" content=\"summary_large_image\" \/>\n<meta name=\"twitter:label1\" content=\"Est. reading time\" \/>\n\t<meta name=\"twitter:data1\" content=\"2 minutes\" \/>\n<script type=\"application\/ld+json\" class=\"yoast-schema-graph\">{\"@context\":\"https:\/\/schema.org\",\"@graph\":[{\"@type\":\"WebPage\",\"@id\":\"https:\/\/mumbaifood.ro\/evenimente\/\",\"url\":\"https:\/\/mumbaifood.ro\/evenimente\/\",\"name\":\"Evenimente - Mumbai Food\",\"isPartOf\":{\"@id\":\"https:\/\/mumbaifood.ro\/#website\"},\"primaryImageOfPage\":{\"@id\":\"https:\/\/mumbaifood.ro\/evenimente\/#primaryimage\"},\"image\":{\"@id\":\"https:\/\/mumbaifood.ro\/evenimente\/#primaryimage\"},\"thumbnailUrl\":\"https:\/\/mumbaifood.ro\/wp-content\/uploads\/2024\/05\/C7V09920.jpg\",\"datePublished\":\"2024-03-28T16:50:42+00:00\",\"dateModified\":\"2024-06-20T08:23:30+00:00\",\"breadcrumb\":{\"@id\":\"https:\/\/mumbaifood.ro\/evenimente\/#breadcrumb\"},\"inLanguage\":\"en-US\",\"potentialAction\":[{\"@type\":\"ReadAction\",\"target\":[\"https:\/\/mumbaifood.ro\/evenimente\/\"]}]},{\"@type\":\"ImageObject\",\"inLanguage\":\"en-US\",\"@id\":\"https:\/\/mumbaifood.ro\/evenimente\/#primaryimage\",\"url\":\"https:\/\/mumbaifood.ro\/wp-content\/uploads\/2024\/05\/C7V09920.jpg\",\"contentUrl\":\"https:\/\/mumbaifood.ro\/wp-content\/uploads\/2024\/05\/C7V09920.jpg\"},{\"@type\":\"BreadcrumbList\",\"@id\":\"https:\/\/mumbaifood.ro\/evenimente\/#breadcrumb\",\"itemListElement\":[{\"@type\":\"ListItem\",\"position\":1,\"name\":\"Home\",\"item\":\"https:\/\/mumbaifood.ro\/\"},{\"@type\":\"ListItem\",\"position\":2,\"name\":\"Evenimente\"}]},{\"@type\":\"WebSite\",\"@id\":\"https:\/\/mumbaifood.ro\/#website\",\"url\":\"https:\/\/mumbaifood.ro\/\",\"name\":\"Mumbai Food\",\"description\":\"\",\"publisher\":{\"@id\":\"https:\/\/mumbaifood.ro\/#organization\"},\"potentialAction\":[{\"@type\":\"SearchAction\",\"target\":{\"@type\":\"EntryPoint\",\"urlTemplate\":\"https:\/\/mumbaifood.ro\/?s={search_term_string}\"},\"query-input\":\"required name=search_term_string\"}],\"inLanguage\":\"en-US\"},{\"@type\":\"Organization\",\"@id\":\"https:\/\/mumbaifood.ro\/#organization\",\"name\":\"Mumbai Food\",\"url\":\"https:\/\/mumbaifood.ro\/\",\"logo\":{\"@type\":\"ImageObject\",\"inLanguage\":\"en-US\",\"@id\":\"https:\/\/mumbaifood.ro\/#\/schema\/logo\/image\/\",\"url\":\"https:\/\/mumbaifood.ro\/wp-content\/uploads\/2024\/03\/Logo-Mumbai-Gold-min.png\",\"contentUrl\":\"https:\/\/mumbaifood.ro\/wp-content\/uploads\/2024\/03\/Logo-Mumbai-Gold-min.png\",\"width\":1686,\"height\":1310,\"caption\":\"Mumbai Food\"},\"image\":{\"@id\":\"https:\/\/mumbaifood.ro\/#\/schema\/logo\/image\/\"}}]}<\/script>\n<!-- \/ Yoast SEO plugin. -->","yoast_head_json":{"title":"Evenimente - Mumbai Food","robots":{"index":"index","follow":"follow","max-snippet":"max-snippet:-1","max-image-preview":"max-image-preview:large","max-video-preview":"max-video-preview:-1"},"canonical":"https:\/\/mumbaifood.ro\/en\/evenimente\/","og_locale":"en_US","og_type":"article","og_title":"Evenimente - Mumbai Food","og_description":"MUMBAI FOOD EVENIMENTE EXPERIEN\u021a\u0102 CULINAR\u0102 INDIAN\u0102 Descoper\u0103 magia evenimentelor la restaurantul Mumbai, unde bucuria se \u00eembin\u0103 cu aromele autentice ale buc\u0103t\u0103riei indiene! MUMBAI FOOD FLOREASCA Cu o loca\u021bie intim\u0103 suntem locul perfect pentru a celebra momente speciale \u00eentr-un cadru autentic \u0219i cald. De la anivers\u0103ri la \u00eent\u00e2lniri de afaceri, v\u0103 st\u0103m la dispozi\u021bie cu un ...","og_url":"https:\/\/mumbaifood.ro\/en\/evenimente\/","og_site_name":"Mumbai Food","article_modified_time":"2024-06-20T08:23:30+00:00","og_image":[{"url":"https:\/\/mumbaifood.ro\/wp-content\/uploads\/2024\/05\/C7V09920.jpg"}],"twitter_card":"summary_large_image","twitter_misc":{"Est. reading time":"2 minutes"},"schema":{"@context":"https:\/\/schema.org","@graph":[{"@type":"WebPage","@id":"https:\/\/mumbaifood.ro\/evenimente\/","url":"https:\/\/mumbaifood.ro\/evenimente\/","name":"Evenimente - Mumbai Food","isPartOf":{"@id":"https:\/\/mumbaifood.ro\/#website"},"primaryImageOfPage":{"@id":"https:\/\/mumbaifood.ro\/evenimente\/#primaryimage"},"image":{"@id":"https:\/\/mumbaifood.ro\/evenimente\/#primaryimage"},"thumbnailUrl":"https:\/\/mumbaifood.ro\/wp-content\/uploads\/2024\/05\/C7V09920.jpg","datePublished":"2024-03-28T16:50:42+00:00","dateModified":"2024-06-20T08:23:30+00:00","breadcrumb":{"@id":"https:\/\/mumbaifood.ro\/evenimente\/#breadcrumb"},"inLanguage":"en-US","potentialAction":[{"@type":"ReadAction","target":["https:\/\/mumbaifood.ro\/evenimente\/"]}]},{"@type":"ImageObject","inLanguage":"en-US","@id":"https:\/\/mumbaifood.ro\/evenimente\/#primaryimage","url":"https:\/\/mumbaifood.ro\/wp-content\/uploads\/2024\/05\/C7V09920.jpg","contentUrl":"https:\/\/mumbaifood.ro\/wp-content\/uploads\/2024\/05\/C7V09920.jpg"},{"@type":"BreadcrumbList","@id":"https:\/\/mumbaifood.ro\/evenimente\/#breadcrumb","itemListElement":[{"@type":"ListItem","position":1,"name":"Home","item":"https:\/\/mumbaifood.ro\/"},{"@type":"ListItem","position":2,"name":"Evenimente"}]},{"@type":"WebSite","@id":"https:\/\/mumbaifood.ro\/#website","url":"https:\/\/mumbaifood.ro\/","name":"Mumbai Food","description":"","publisher":{"@id":"https:\/\/mumbaifood.ro\/#organization"},"potentialAction":[{"@type":"SearchAction","target":{"@type":"EntryPoint","urlTemplate":"https:\/\/mumbaifood.ro\/?s={search_term_string}"},"query-input":"required name=search_term_string"}],"inLanguage":"en-US"},{"@type":"Organization","@id":"https:\/\/mumbaifood.ro\/#organization","name":"Mumbai Food","url":"https:\/\/mumbaifood.ro\/","logo":{"@type":"ImageObject","inLanguage":"en-US","@id":"https:\/\/mumbaifood.ro\/#\/schema\/logo\/image\/","url":"https:\/\/mumbaifood.ro\/wp-content\/uploads\/2024\/03\/Logo-Mumbai-Gold-min.png","contentUrl":"https:\/\/mumbaifood.ro\/wp-content\/uploads\/2024\/03\/Logo-Mumbai-Gold-min.png","width":1686,"height":1310,"caption":"Mumbai Food"},"image":{"@id":"https:\/\/mumbaifood.ro\/#\/schema\/logo\/image\/"}}]}},"_links":{"self":[{"href":"https:\/\/mumbaifood.ro\/en\/wp-json\/wp\/v2\/pages\/6546","targetHints":{"allow":["GET"]}}],"collection":[{"href":"https:\/\/mumbaifood.ro\/en\/wp-json\/wp\/v2\/pages"}],"about":[{"href":"https:\/\/mumbaifood.ro\/en\/wp-json\/wp\/v2\/types\/page"}],"author":[{"embeddable":true,"href":"https:\/\/mumbaifood.ro\/en\/wp-json\/wp\/v2\/users\/1"}],"replies":[{"embeddable":true,"href":"https:\/\/mumbaifood.ro\/en\/wp-json\/wp\/v2\/comments?post=6546"}],"version-history":[{"count":37,"href":"https:\/\/mumbaifood.ro\/en\/wp-json\/wp\/v2\/pages\/6546\/revisions"}],"predecessor-version":[{"id":7739,"href":"https:\/\/mumbaifood.ro\/en\/wp-json\/wp\/v2\/pages\/6546\/revisions\/7739"}],"wp:attachment":[{"href":"https:\/\/mumbaifood.ro\/en\/wp-json\/wp\/v2\/media?parent=6546"}],"curies":[{"name":"wp","href":"https:\/\/api.w.org\/{rel}","templated":true}]}}