{"id":6862,"date":"2024-05-20T00:49:23","date_gmt":"2024-05-19T22:49:23","guid":{"rendered":"https:\/\/mumbai.flowdev.ro\/?page_id=6862"},"modified":"2024-06-20T10:26:18","modified_gmt":"2024-06-20T08:26:18","slug":"politica-de-confidentialitate","status":"publish","type":"page","link":"https:\/\/mumbaifood.ro\/en\/politica-de-confidentialitate\/","title":{"rendered":"Privacy Policy"},"content":{"rendered":"<div data-elementor-type=\"wp-page\" data-elementor-id=\"6862\" class=\"elementor elementor-6862\">\n\t\t\t\t\t\t<section class=\"elementor-section elementor-top-section elementor-element elementor-element-22919a6e pt-section-content-fullwidth pt-parallax-on-scroll pt_scroll_y_120 elementor-section-boxed elementor-section-height-default elementor-section-height-default\" data-id=\"22919a6e\" data-element_type=\"section\" data-settings=\"{&quot;background_background&quot;:&quot;classic&quot;}\" data-pt-parallax-y=\"120\" style=\"background-image: none;\" data-pt-background-image=\"https:\/\/mumbaifood.ro\/wp-content\/uploads\/2024\/05\/meniu-min.jpg\">\n\t\t\t\t\t\t\t<div class=\"elementor-background-overlay\"><\/div>\n\t\t\t\t\t\t\t<div class=\"elementor-container elementor-column-gap-no\">\n\t\t\t\t\t<div class=\"elementor-column elementor-col-100 elementor-top-column elementor-element elementor-element-506879d8 dark-color\" data-id=\"506879d8\" data-element_type=\"column\">\n\t\t\t<div class=\"elementor-widget-wrap elementor-element-populated\">\n\t\t\t\t\t\t<div class=\"elementor-element elementor-element-78737567 elementor-widget elementor-widget-pt_title\" data-id=\"78737567\" data-element_type=\"widget\" data-widget_type=\"pt_title.default\">\n\t\t\t\t<div class=\"elementor-widget-container\">\n\t\t\t\n        <div class=\"pt-title-wrap text-center\">\t            <h1 class=\"pt-title\">\n\t                Privacy Policy\t            <\/h1>        <\/div>\t\t<\/div>\n\t\t\t\t<\/div>\n\t\t\t\t\t<\/div>\n\t\t<\/div>\n\t\t\t\t\t<\/div>\n\t\t<\/section>\n\t\t\t\t<section class=\"elementor-section elementor-top-section elementor-element elementor-element-52fd65fb pt-section-content-fullwidth elementor-section-full_width elementor-section-height-default elementor-section-height-default\" data-id=\"52fd65fb\" data-element_type=\"section\" data-settings=\"{&quot;background_background&quot;:&quot;classic&quot;}\">\n\t\t\t\t\t\t<div class=\"elementor-container elementor-column-gap-no\">\n\t\t\t\t\t<div class=\"elementor-column elementor-col-100 elementor-top-column elementor-element elementor-element-181a9750\" data-id=\"181a9750\" data-element_type=\"column\">\n\t\t\t<div class=\"elementor-widget-wrap elementor-element-populated\">\n\t\t\t\t\t\t<div class=\"elementor-element elementor-element-18c882a6 elementor-widget elementor-widget-pt_title\" data-id=\"18c882a6\" data-element_type=\"widget\" data-widget_type=\"pt_title.default\">\n\t\t\t\t<div class=\"elementor-widget-container\">\n\t\t\t\n        <div class=\"pt-title-wrap\">\t            <div class=\"pt-title-text\">\n\t                <!-- wp:heading -->\n<h2>Who are you (we are)<\/h2>\n<!-- \/wp:heading --><!-- wp:paragraph -->\n<p>Our website address is: https:\/\/mumbaifood.ro.<\/p>\n<!-- \/wp:paragraph --><!-- wp:heading -->\n<h2>Comments<\/h2>\n<!-- \/wp:heading --><!-- wp:paragraph -->\n<p>When visitors leave comments on the site, we collect the data shown in the comment forms, but also the visitor's IP address and browser user agent string to help us detect spam.<\/p>\n<!-- \/wp:paragraph --><!-- wp:paragraph -->\n<p>An anonymized string (also called a hash) created from your email addresses can be provided to the Gravatar service to see if you use it. The privacy policy of the Gravatar service is available here: https:\/\/automattic.com\/privacy\/. After comment approval, your profile photo is publicly visible next to your comment.<\/p>\n<!-- \/wp:paragraph --><!-- wp:heading -->\n<h2>Media<\/h2>\n<!-- \/wp:heading --><!-- wp:paragraph -->\n<p>If you upload images to the website, you should avoid uploading images that have embedded location data (EXIF GPS) included. Website visitors can download and extract all location data from images on the website.<\/p>\n<!-- \/wp:paragraph --><!-- wp:heading -->\n<h2>Cookies<\/h2>\n<!-- \/wp:heading --><!-- wp:paragraph -->\n<p>If you leave a comment on our website, you can choose to save your name, email address and website in cookies. These are for your convenience, so you don't have to fill them in again when you leave another comment. These cookies will be valid for one year.<\/p>\n<!-- \/wp:paragraph --><!-- wp:paragraph -->\n<p>If you go to our login page, we will set a temporary cookie to determine if your browser accepts cookies. This cookie does not contain personal data and is deleted when you close the browser.<\/p>\n<!-- \/wp:paragraph --><!-- wp:paragraph -->\n<p>When you log in, we'll also set some cookies to save your login information and screen display options. Authentication cookies are kept for two days and those for display options are kept for one year. If you select \"Remember me\", your login cookies will be kept for two weeks. If you log out of your account, the authentication cookies will be removed.<\/p>\n<!-- \/wp:paragraph --><!-- wp:paragraph -->\n<p>If you edit or publish an article, an additional cookie will be saved in your browser. This cookie does not include personal data and simply indicates the ID of the article you have just edited. It expires after 1 day.<\/p>\n<!-- \/wp:paragraph --><!-- wp:heading -->\n<h2>Embedded content from other websites<\/h2>\n<!-- \/wp:heading --><!-- wp:paragraph -->\n<p>Articles on this site may include embedded content (eg videos, images, articles, etc.). Embedded content from other websites behaves exactly as if visitors viewed another website.<\/p>\n<!-- \/wp:paragraph --><!-- wp:paragraph -->\n<p>These websites may collect data about you, use cookies, embed additional third-party tracking, and monitor your interaction with embedded content, including tracking your interaction with embedded content if you have an account and are logged in in that website.<\/p>\n<!-- \/wp:paragraph --><!-- wp:heading -->\n<h2>Who we share your data with<\/h2>\n<!-- \/wp:heading --><!-- wp:paragraph -->\n<p>If you request a password reset, your IP address will be included in the reset email.<\/p>\n<!-- \/wp:paragraph --><!-- wp:heading -->\n<h2>How long we keep your data<\/h2>\n<!-- \/wp:heading --><!-- wp:paragraph -->\n<p>If you leave a comment, the comment and its metadata are kept indefinitely. This way we can automatically recognize and approve all subsequent comments instead of holding them in a queue for moderation.<\/p>\n<!-- \/wp:paragraph --><!-- wp:paragraph -->\n<p>For users (if any) who register on our website, we also store the personal information they provide in their user profile. All users can view, edit or delete their personal information at any time (but cannot change their username). Website administrators can also view and edit this information.<\/p>\n<!-- \/wp:paragraph --><!-- wp:heading -->\n<h2>What rights do you have over your data?<\/h2>\n<!-- \/wp:heading --><!-- wp:paragraph -->\n<p>If you have an account or have left comments on this website, you can request to receive an export file of the personal data we hold about you, including any data you have provided to us. You can also ask us to delete any personal data we hold about you. This does not include all data that we are required to keep for administrative, legal or security purposes.<\/p>\n<!-- \/wp:paragraph --><!-- wp:heading -->\n<h2>Where your data is sent<\/h2>\n<!-- \/wp:heading --><!-- wp:paragraph -->\n<p>Visitor comments may be checked by an automated spam detection service.<\/p>\n<!-- \/wp:paragraph -->\t            <\/div>        <\/div>\t\t<\/div>\n\t\t\t\t<\/div>\n\t\t\t\t\t<\/div>\n\t\t<\/div>\n\t\t\t\t\t<\/div>\n\t\t<\/section>\n\t\t\t\t<\/div>","protected":false},"excerpt":{"rendered":"<p>Politica de confiden\u021bialitate Cine e\u0219ti (suntem) Adresa site-ului nostru web este: https:\/\/mumbaifood.ro. Comentarii C\u00e2nd vizitatorii las\u0103 comentarii pe site, colect\u0103m datele ar\u0103tate \u00een formularele de comentarii, dar \u0219i adresa IP a vizitatorului \u0219i \u0219irul agen\u021bilor utilizator din navigator pentru a ne ajuta la detectarea spamului. Un \u0219ir f\u0103cut anonim (numit \u0219i un hash), creat din &#8230;<\/p>","protected":false},"author":1,"featured_media":0,"parent":0,"menu_order":0,"comment_status":"closed","ping_status":"closed","template":"template-wide-content.php","meta":{"patiotime_single_page_hide_site_header":"","patiotime_single_page_site_header_source":"","patiotime_single_page_custom_site_header":"0","patiotime_single_page_custom_sticky_site_header":"0","patiotime_single_page_custom_page_title_margin_top_source":"","patiotime_single_page_custom_page_title_desktop_margin_top":"","patiotime_single_page_custom_page_title_tablet_margin_top":"","patiotime_single_page_custom_page_title_mobile_margin_top":"","patiotime_single_page_hide_page_title":"on","patiotime_single_page_header_section_size":"","patiotime_single_page_header_background_color":"","patiotime_single_page_header_background_position_x":"center","patiotime_single_page_header_background_position_y":"center","patiotime_single_page_header_background_size":"cover","patiotime_single_page_header_background_repeat":"off","patiotime_single_page_header_background_scroll":"on","patiotime_single_page_header_text_color":"","patiotime_single_page_header_show_breadcrumb":"","patiotime_single_page_site_footer_hide_main":"","patiotime_single_custom_site_footer_main_source":"","patiotime_single_custom_site_footer_main":"0","patiotime_single_page_site_footer_hide_above":"on","patiotime_single_custom_site_footer_above_source":"","patiotime_single_custom_site_footer_above":"0","patiotime_single_page_site_footer_hide_instagram":"","patiotime_single_page_site_footer_hide_bottom":"","patiotime_single_custom_mobile_menu_source":"","patiotime_single_custom_mobile_menu":"0","patiotime_single_custom_mobile_menu_animation":"","patiotime_single_custom_mobile_menu_width":"","patiotime_single_custom_mobile_menu_custom_width":375,"footnotes":""},"class_list":["post-6862","page","type-page","status-publish","hentry"],"yoast_head":"<!-- This site is optimized with the Yoast SEO plugin v23.1 - https:\/\/yoast.com\/wordpress\/plugins\/seo\/ -->\n<title>Politica de confiden\u021bialitate - Mumbai Food<\/title>\n<meta name=\"robots\" content=\"index, follow, max-snippet:-1, max-image-preview:large, max-video-preview:-1\" \/>\n<link rel=\"canonical\" href=\"https:\/\/mumbaifood.ro\/en\/politica-de-confidentialitate\/\" \/>\n<meta property=\"og:locale\" content=\"en_US\" \/>\n<meta property=\"og:type\" content=\"article\" \/>\n<meta property=\"og:title\" content=\"Politica de confiden\u021bialitate - Mumbai Food\" \/>\n<meta property=\"og:description\" content=\"Politica de confiden\u021bialitate Cine e\u0219ti (suntem) Adresa site-ului nostru web este: https:\/\/mumbaifood.ro. Comentarii C\u00e2nd vizitatorii las\u0103 comentarii pe site, colect\u0103m datele ar\u0103tate \u00een formularele de comentarii, dar \u0219i adresa IP a vizitatorului \u0219i \u0219irul agen\u021bilor utilizator din navigator pentru a ne ajuta la detectarea spamului. Un \u0219ir f\u0103cut anonim (numit \u0219i un hash), creat din ...\" \/>\n<meta property=\"og:url\" content=\"https:\/\/mumbaifood.ro\/en\/politica-de-confidentialitate\/\" \/>\n<meta property=\"og:site_name\" content=\"Mumbai Food\" \/>\n<meta property=\"article:modified_time\" content=\"2024-06-20T08:26:18+00:00\" \/>\n<meta name=\"twitter:card\" content=\"summary_large_image\" \/>\n<meta name=\"twitter:label1\" content=\"Est. reading time\" \/>\n\t<meta name=\"twitter:data1\" content=\"4 minutes\" \/>\n<script type=\"application\/ld+json\" class=\"yoast-schema-graph\">{\"@context\":\"https:\/\/schema.org\",\"@graph\":[{\"@type\":\"WebPage\",\"@id\":\"https:\/\/mumbaifood.ro\/politica-de-confidentialitate\/\",\"url\":\"https:\/\/mumbaifood.ro\/politica-de-confidentialitate\/\",\"name\":\"Politica de confiden\u021bialitate - Mumbai Food\",\"isPartOf\":{\"@id\":\"https:\/\/mumbaifood.ro\/#website\"},\"datePublished\":\"2024-05-19T22:49:23+00:00\",\"dateModified\":\"2024-06-20T08:26:18+00:00\",\"breadcrumb\":{\"@id\":\"https:\/\/mumbaifood.ro\/politica-de-confidentialitate\/#breadcrumb\"},\"inLanguage\":\"en-US\",\"potentialAction\":[{\"@type\":\"ReadAction\",\"target\":[\"https:\/\/mumbaifood.ro\/politica-de-confidentialitate\/\"]}]},{\"@type\":\"BreadcrumbList\",\"@id\":\"https:\/\/mumbaifood.ro\/politica-de-confidentialitate\/#breadcrumb\",\"itemListElement\":[{\"@type\":\"ListItem\",\"position\":1,\"name\":\"Home\",\"item\":\"https:\/\/mumbaifood.ro\/\"},{\"@type\":\"ListItem\",\"position\":2,\"name\":\"Politica de confiden\u021bialitate\"}]},{\"@type\":\"WebSite\",\"@id\":\"https:\/\/mumbaifood.ro\/#website\",\"url\":\"https:\/\/mumbaifood.ro\/\",\"name\":\"Mumbai Food\",\"description\":\"\",\"publisher\":{\"@id\":\"https:\/\/mumbaifood.ro\/#organization\"},\"potentialAction\":[{\"@type\":\"SearchAction\",\"target\":{\"@type\":\"EntryPoint\",\"urlTemplate\":\"https:\/\/mumbaifood.ro\/?s={search_term_string}\"},\"query-input\":\"required name=search_term_string\"}],\"inLanguage\":\"en-US\"},{\"@type\":\"Organization\",\"@id\":\"https:\/\/mumbaifood.ro\/#organization\",\"name\":\"Mumbai Food\",\"url\":\"https:\/\/mumbaifood.ro\/\",\"logo\":{\"@type\":\"ImageObject\",\"inLanguage\":\"en-US\",\"@id\":\"https:\/\/mumbaifood.ro\/#\/schema\/logo\/image\/\",\"url\":\"https:\/\/mumbaifood.ro\/wp-content\/uploads\/2024\/03\/Logo-Mumbai-Gold-min.png\",\"contentUrl\":\"https:\/\/mumbaifood.ro\/wp-content\/uploads\/2024\/03\/Logo-Mumbai-Gold-min.png\",\"width\":1686,\"height\":1310,\"caption\":\"Mumbai Food\"},\"image\":{\"@id\":\"https:\/\/mumbaifood.ro\/#\/schema\/logo\/image\/\"}}]}<\/script>\n<!-- \/ Yoast SEO plugin. -->","yoast_head_json":{"title":"Politica de confiden\u021bialitate - Mumbai Food","robots":{"index":"index","follow":"follow","max-snippet":"max-snippet:-1","max-image-preview":"max-image-preview:large","max-video-preview":"max-video-preview:-1"},"canonical":"https:\/\/mumbaifood.ro\/en\/politica-de-confidentialitate\/","og_locale":"en_US","og_type":"article","og_title":"Politica de confiden\u021bialitate - Mumbai Food","og_description":"Politica de confiden\u021bialitate Cine e\u0219ti (suntem) Adresa site-ului nostru web este: https:\/\/mumbaifood.ro. Comentarii C\u00e2nd vizitatorii las\u0103 comentarii pe site, colect\u0103m datele ar\u0103tate \u00een formularele de comentarii, dar \u0219i adresa IP a vizitatorului \u0219i \u0219irul agen\u021bilor utilizator din navigator pentru a ne ajuta la detectarea spamului. Un \u0219ir f\u0103cut anonim (numit \u0219i un hash), creat din ...","og_url":"https:\/\/mumbaifood.ro\/en\/politica-de-confidentialitate\/","og_site_name":"Mumbai Food","article_modified_time":"2024-06-20T08:26:18+00:00","twitter_card":"summary_large_image","twitter_misc":{"Est. reading time":"4 minutes"},"schema":{"@context":"https:\/\/schema.org","@graph":[{"@type":"WebPage","@id":"https:\/\/mumbaifood.ro\/politica-de-confidentialitate\/","url":"https:\/\/mumbaifood.ro\/politica-de-confidentialitate\/","name":"Politica de confiden\u021bialitate - Mumbai Food","isPartOf":{"@id":"https:\/\/mumbaifood.ro\/#website"},"datePublished":"2024-05-19T22:49:23+00:00","dateModified":"2024-06-20T08:26:18+00:00","breadcrumb":{"@id":"https:\/\/mumbaifood.ro\/politica-de-confidentialitate\/#breadcrumb"},"inLanguage":"en-US","potentialAction":[{"@type":"ReadAction","target":["https:\/\/mumbaifood.ro\/politica-de-confidentialitate\/"]}]},{"@type":"BreadcrumbList","@id":"https:\/\/mumbaifood.ro\/politica-de-confidentialitate\/#breadcrumb","itemListElement":[{"@type":"ListItem","position":1,"name":"Home","item":"https:\/\/mumbaifood.ro\/"},{"@type":"ListItem","position":2,"name":"Politica de confiden\u021bialitate"}]},{"@type":"WebSite","@id":"https:\/\/mumbaifood.ro\/#website","url":"https:\/\/mumbaifood.ro\/","name":"Mumbai Food","description":"","publisher":{"@id":"https:\/\/mumbaifood.ro\/#organization"},"potentialAction":[{"@type":"SearchAction","target":{"@type":"EntryPoint","urlTemplate":"https:\/\/mumbaifood.ro\/?s={search_term_string}"},"query-input":"required name=search_term_string"}],"inLanguage":"en-US"},{"@type":"Organization","@id":"https:\/\/mumbaifood.ro\/#organization","name":"Mumbai Food","url":"https:\/\/mumbaifood.ro\/","logo":{"@type":"ImageObject","inLanguage":"en-US","@id":"https:\/\/mumbaifood.ro\/#\/schema\/logo\/image\/","url":"https:\/\/mumbaifood.ro\/wp-content\/uploads\/2024\/03\/Logo-Mumbai-Gold-min.png","contentUrl":"https:\/\/mumbaifood.ro\/wp-content\/uploads\/2024\/03\/Logo-Mumbai-Gold-min.png","width":1686,"height":1310,"caption":"Mumbai Food"},"image":{"@id":"https:\/\/mumbaifood.ro\/#\/schema\/logo\/image\/"}}]}},"_links":{"self":[{"href":"https:\/\/mumbaifood.ro\/en\/wp-json\/wp\/v2\/pages\/6862","targetHints":{"allow":["GET"]}}],"collection":[{"href":"https:\/\/mumbaifood.ro\/en\/wp-json\/wp\/v2\/pages"}],"about":[{"href":"https:\/\/mumbaifood.ro\/en\/wp-json\/wp\/v2\/types\/page"}],"author":[{"embeddable":true,"href":"https:\/\/mumbaifood.ro\/en\/wp-json\/wp\/v2\/users\/1"}],"replies":[{"embeddable":true,"href":"https:\/\/mumbaifood.ro\/en\/wp-json\/wp\/v2\/comments?post=6862"}],"version-history":[{"count":17,"href":"https:\/\/mumbaifood.ro\/en\/wp-json\/wp\/v2\/pages\/6862\/revisions"}],"predecessor-version":[{"id":7742,"href":"https:\/\/mumbaifood.ro\/en\/wp-json\/wp\/v2\/pages\/6862\/revisions\/7742"}],"wp:attachment":[{"href":"https:\/\/mumbaifood.ro\/en\/wp-json\/wp\/v2\/media?parent=6862"}],"curies":[{"name":"wp","href":"https:\/\/api.w.org\/{rel}","templated":true}]}}