{"id":7244,"date":"2024-06-05T14:14:11","date_gmt":"2024-06-05T12:14:11","guid":{"rendered":"https:\/\/mumbai.flowdev.ro\/?page_id=7244"},"modified":"2026-02-23T17:19:56","modified_gmt":"2026-02-23T15:19:56","slug":"chicken-chilli","status":"publish","type":"page","link":"https:\/\/mumbaifood.ro\/en\/meniu\/chicken-chilli\/","title":{"rendered":"CHICKEN CHILLI"},"content":{"rendered":"<div data-elementor-type=\"wp-page\" data-elementor-id=\"7244\" class=\"elementor elementor-7244\">\n\t\t\t\t\t\t<section class=\"elementor-section elementor-top-section elementor-element elementor-element-28118293 pt-section-content-fullwidth pt-parallax-on-scroll pt_scroll_y_120 elementor-section-boxed elementor-section-height-default elementor-section-height-default\" data-id=\"28118293\" data-element_type=\"section\" data-settings=\"{&quot;background_background&quot;:&quot;classic&quot;}\" data-pt-parallax-y=\"120\" style=\"background-image: none;\" data-pt-background-image=\"https:\/\/mumbaifood.ro\/wp-content\/uploads\/2024\/06\/chicken-chilli-min.jpg\">\n\t\t\t\t\t\t\t<div class=\"elementor-background-overlay\"><\/div>\n\t\t\t\t\t\t\t<div class=\"elementor-container elementor-column-gap-no\">\n\t\t\t\t\t<div class=\"elementor-column elementor-col-100 elementor-top-column elementor-element elementor-element-70684cd dark-color\" data-id=\"70684cd\" data-element_type=\"column\">\n\t\t\t<div class=\"elementor-widget-wrap elementor-element-populated\">\n\t\t\t\t\t\t<div class=\"elementor-element elementor-element-6eccfb4e elementor-widget elementor-widget-pt_title\" data-id=\"6eccfb4e\" data-element_type=\"widget\" data-widget_type=\"pt_title.default\">\n\t\t\t\t<div class=\"elementor-widget-container\">\n\t\t\t\n        <div class=\"pt-title-wrap text-center\">\t            <h1 class=\"pt-title\">\n\t                CHICKEN CHILLI\t            <\/h1>        <\/div>\t\t<\/div>\n\t\t\t\t<\/div>\n\t\t\t\t\t<\/div>\n\t\t<\/div>\n\t\t\t\t\t<\/div>\n\t\t<\/section>\n\t\t\t\t<section class=\"elementor-section elementor-top-section elementor-element elementor-element-4697d040 pt-animation-medium-offset elementor-section-boxed elementor-section-height-default elementor-section-height-default elementor-invisible\" data-id=\"4697d040\" data-element_type=\"section\" data-settings=\"{&quot;animation&quot;:&quot;fadeInUp&quot;}\">\n\t\t\t\t\t\t<div class=\"elementor-container elementor-column-gap-no\">\n\t\t\t\t\t<div class=\"elementor-column elementor-col-25 elementor-top-column elementor-element elementor-element-194f2994\" data-id=\"194f2994\" data-element_type=\"column\">\n\t\t\t<div class=\"elementor-widget-wrap elementor-element-populated\">\n\t\t\t\t\t\t<div class=\"elementor-element elementor-element-12dbb802 elementor-widget elementor-widget-image\" data-id=\"12dbb802\" data-element_type=\"widget\" data-widget_type=\"image.default\">\n\t\t\t\t<div class=\"elementor-widget-container\">\n\t\t\t<style>\/*! elementor - v3.20.0 - 26-03-2024 *\/\n.elementor-widget-image{text-align:center}.elementor-widget-image a{display:inline-block}.elementor-widget-image a img[src$=\".svg\"]{width:48px}.elementor-widget-image img{vertical-align:middle;display:inline-block}<\/style>\t\t\t\t\t\t\t\t\t\t<img fetchpriority=\"high\" decoding=\"async\" width=\"1024\" height=\"683\" src=\"https:\/\/mumbaifood.ro\/wp-content\/uploads\/2024\/06\/chicken-chilli-min-1024x683.jpg\" class=\"attachment-large size-large wp-image-7052\" alt=\"\" srcset=\"https:\/\/mumbaifood.ro\/wp-content\/uploads\/2024\/06\/chicken-chilli-min-1024x683.jpg 1024w, https:\/\/mumbaifood.ro\/wp-content\/uploads\/2024\/06\/chicken-chilli-min-300x200.jpg 300w, https:\/\/mumbaifood.ro\/wp-content\/uploads\/2024\/06\/chicken-chilli-min-768x512.jpg 768w, https:\/\/mumbaifood.ro\/wp-content\/uploads\/2024\/06\/chicken-chilli-min-1536x1024.jpg 1536w, https:\/\/mumbaifood.ro\/wp-content\/uploads\/2024\/06\/chicken-chilli-min-1440x960.jpg 1440w, https:\/\/mumbaifood.ro\/wp-content\/uploads\/2024\/06\/chicken-chilli-min-1200x800.jpg 1200w, https:\/\/mumbaifood.ro\/wp-content\/uploads\/2024\/06\/chicken-chilli-min-780x520.jpg 780w, https:\/\/mumbaifood.ro\/wp-content\/uploads\/2024\/06\/chicken-chilli-min-600x400.jpg 600w, https:\/\/mumbaifood.ro\/wp-content\/uploads\/2024\/06\/chicken-chilli-min-550x367.jpg 550w, https:\/\/mumbaifood.ro\/wp-content\/uploads\/2024\/06\/chicken-chilli-min-370x247.jpg 370w, https:\/\/mumbaifood.ro\/wp-content\/uploads\/2024\/06\/chicken-chilli-min-255x170.jpg 255w, https:\/\/mumbaifood.ro\/wp-content\/uploads\/2024\/06\/chicken-chilli-min.jpg 1920w\" sizes=\"(max-width: 1024px) 100vw, 1024px\" \/>\t\t\t\t\t\t\t\t\t\t\t\t\t<\/div>\n\t\t\t\t<\/div>\n\t\t\t\t\t<\/div>\n\t\t<\/div>\n\t\t\t\t<div class=\"elementor-column elementor-col-25 elementor-top-column elementor-element elementor-element-66df7417 elementor-hidden-mobile\" data-id=\"66df7417\" data-element_type=\"column\">\n\t\t\t<div class=\"elementor-widget-wrap elementor-element-populated\">\n\t\t\t\t\t\t<div class=\"elementor-element elementor-element-7ffa2bad full-height elementor-widget elementor-widget-pt_vertical_divider\" data-id=\"7ffa2bad\" data-element_type=\"widget\" data-widget_type=\"pt_vertical_divider.default\">\n\t\t\t\t<div class=\"elementor-widget-container\">\n\t\t\t\n        <div class=\"pt-vertical-divider divider-grass\">                <div class=\"pt-vd-icon icon-start\">                    <svg xmlns=\"http:\/\/www.w3.org\/2000\/svg\" viewbox=\"0 0 31.06 29.67\">\n                        <path d=\"M36.53,21.85,31.78,18s-7.5.83-9.68,16.39C22.1,34.34,25.7,21.66,36.53,21.85Z\" transform=\"translate(-5.47 -4.66)\"><\/path>\n                        <path class=\"cls-1\" d=\"M5.47,21.85,10.22,18s7.5.83,9.68,16.39C19.9,34.34,16.3,21.66,5.47,21.85Z\" transform=\"translate(-5.47 -4.66)\"><\/path>\n                        <polygon class=\"cls-1\" points=\"15.53 0 18.66 6.56 15.53 22.16 12.39 6.56 15.53 0\"><\/polygon>\n                    <\/svg>                <\/div>            <div class=\"pt-vd-line\"><\/div>                <div class=\"pt-vd-icon icon-end\">                    <svg xmlns=\"http:\/\/www.w3.org\/2000\/svg\" viewbox=\"0 0 31.06 29.67\">\n                        <path d=\"M36.53,21.85,31.78,18s-7.5.83-9.68,16.39C22.1,34.34,25.7,21.66,36.53,21.85Z\" transform=\"translate(-5.47 -4.66)\"><\/path>\n                        <path class=\"cls-1\" d=\"M5.47,21.85,10.22,18s7.5.83,9.68,16.39C19.9,34.34,16.3,21.66,5.47,21.85Z\" transform=\"translate(-5.47 -4.66)\"><\/path>\n                        <polygon class=\"cls-1\" points=\"15.53 0 18.66 6.56 15.53 22.16 12.39 6.56 15.53 0\"><\/polygon>\n                    <\/svg>                <\/div>        <\/div>\t\t<\/div>\n\t\t\t\t<\/div>\n\t\t\t\t\t<\/div>\n\t\t<\/div>\n\t\t\t\t<div class=\"elementor-column elementor-col-50 elementor-top-column elementor-element elementor-element-65846bf8\" data-id=\"65846bf8\" data-element_type=\"column\">\n\t\t\t<div class=\"elementor-widget-wrap elementor-element-populated\">\n\t\t\t\t\t\t<div class=\"elementor-element elementor-element-5d78f05c elementor-widget elementor-widget-pt_title\" data-id=\"5d78f05c\" data-element_type=\"widget\" data-widget_type=\"pt_title.default\">\n\t\t\t\t<div class=\"elementor-widget-container\">\n\t\t\t\n        <div class=\"pt-title-wrap text-center-mobile\">\t            <div class=\"pt-subtitle-wrap\"><span class=\"pt-subtitle\">MUMBAI FOOD<\/span><\/div>\t            <h5 class=\"pt-title\">\n\t                CHICKEN CHILLI\t            <\/h5>        <\/div>\t\t<\/div>\n\t\t\t\t<\/div>\n\t\t\t\t<div class=\"elementor-element elementor-element-875405a elementor-widget elementor-widget-pt_title\" data-id=\"875405a\" data-element_type=\"widget\" data-widget_type=\"pt_title.default\">\n\t\t\t\t<div class=\"elementor-widget-container\">\n\t\t\t\n        <div class=\"pt-title-wrap text-center-mobile\">\t            <div class=\"pt-title-text\">\n\t                <p><strong>INGREDIENTS:<\/strong><\/p><p>Chicken breast 200g, soy sauce, tomato sauce, chili pepper, bell pepper, kapia pepper, red onion, garlic, green onion, ginger, paprika, kitchen king, cumin, turmeric, garam masala, salt, coriander, pepper<\/p><p><strong>ALLERGENS:<\/strong><\/p><p>Soy, mustard<\/p>\t            <\/div>        <\/div>\t\t<\/div>\n\t\t\t\t<\/div>\n\t\t\t\t<div class=\"elementor-element elementor-element-4a4d585 elementor-widget elementor-widget-pt_title\" data-id=\"4a4d585\" data-element_type=\"widget\" data-widget_type=\"pt_title.default\">\n\t\t\t\t<div class=\"elementor-widget-container\">\n\t\t\t\n        <div class=\"pt-title-wrap text-left\">\t            <h6 class=\"pt-title color-primary\">\n\t                61,00 LEI - 400g\t            <\/h6>        <\/div>\t\t<\/div>\n\t\t\t\t<\/div>\n\t\t\t\t\t<\/div>\n\t\t<\/div>\n\t\t\t\t\t<\/div>\n\t\t<\/section>\n\t\t\t\t<section class=\"elementor-section elementor-top-section elementor-element elementor-element-40bb09d pt-section-content-fullwidth elementor-section-boxed elementor-section-height-default elementor-section-height-default\" data-id=\"40bb09d\" data-element_type=\"section\" data-settings=\"{&quot;background_background&quot;:&quot;classic&quot;}\">\n\t\t\t\t\t\t\t<div class=\"elementor-background-overlay\"><\/div>\n\t\t\t\t\t\t\t<div class=\"elementor-container elementor-column-gap-no\">\n\t\t\t\t\t<div class=\"elementor-column elementor-col-100 elementor-top-column elementor-element elementor-element-7899002d dark-color\" data-id=\"7899002d\" data-element_type=\"column\">\n\t\t\t<div class=\"elementor-widget-wrap elementor-element-populated\">\n\t\t\t\t\t\t<div class=\"elementor-element elementor-element-623a2656 elementor-invisible elementor-widget elementor-widget-pt_testimonials\" data-id=\"623a2656\" data-element_type=\"widget\" data-settings=\"{&quot;_animation&quot;:&quot;fadeIn&quot;,&quot;_animation_delay&quot;:200}\" data-widget_type=\"pt_testimonials.default\">\n\t\t\t\t<div class=\"elementor-widget-container\">\n\t\t\t\n            <div class=\"pt-testimonials testimonial-style-1 text-center testimonials-slider\" data-column=\"1\" data-autoplay=\"off\" data-autoplay-speed=\"5000\" data-show-arrows=\"on\" data-show-dots=\"on\"><div class=\"pt-ts-wrap\"><div class=\"pt-ts-item\">                    <div class=\"pt-testimonial\">                        <div class=\"pt-testimonial-content\">The real indian dining experience. <\/div>                    <\/div><\/div><\/div>            <\/div>\t\t<\/div>\n\t\t\t\t<\/div>\n\t\t\t\t\t<\/div>\n\t\t<\/div>\n\t\t\t\t\t<\/div>\n\t\t<\/section>\n\t\t\t\t<\/div>","protected":false},"excerpt":{"rendered":"<p>CHICKEN CHILLI MUMBAI FOOD CHICKEN CHILLI INGREDIENTE: Piept de pui 200g, sos de soia, sos de ro\u0219ii, ardei iute, ardei gras, ardei kapia, ceap\u0103 ro\u0219ie, usturoi, ceap\u0103 verde, ghimbir, boia, kitchen king, chimion, curcuma, garam masala, sare, coriandru, piper ALERGENI: Soia, mu\u0219tar 61,00 LEI &#8211; 400g Adev\u0103rata experien\u021b\u0103 culinar\u0103 indian\u0103.<\/p>","protected":false},"author":1,"featured_media":0,"parent":6954,"menu_order":0,"comment_status":"closed","ping_status":"closed","template":"template-wide-content.php","meta":{"patiotime_single_page_hide_site_header":"","patiotime_single_page_site_header_source":"","patiotime_single_page_custom_site_header":"0","patiotime_single_page_custom_sticky_site_header":"0","patiotime_single_page_custom_page_title_margin_top_source":"","patiotime_single_page_custom_page_title_desktop_margin_top":"","patiotime_single_page_custom_page_title_tablet_margin_top":"","patiotime_single_page_custom_page_title_mobile_margin_top":"","patiotime_single_page_hide_page_title":"on","patiotime_single_page_header_section_size":"","patiotime_single_page_header_background_color":"","patiotime_single_page_header_background_position_x":"center","patiotime_single_page_header_background_position_y":"center","patiotime_single_page_header_background_size":"cover","patiotime_single_page_header_background_repeat":"off","patiotime_single_page_header_background_scroll":"on","patiotime_single_page_header_text_color":"","patiotime_single_page_header_show_breadcrumb":"","patiotime_single_page_site_footer_hide_main":"","patiotime_single_custom_site_footer_main_source":"","patiotime_single_custom_site_footer_main":"0","patiotime_single_page_site_footer_hide_above":"","patiotime_single_custom_site_footer_above_source":"","patiotime_single_custom_site_footer_above":"0","patiotime_single_page_site_footer_hide_instagram":"","patiotime_single_page_site_footer_hide_bottom":"","patiotime_single_custom_mobile_menu_source":"","patiotime_single_custom_mobile_menu":"0","patiotime_single_custom_mobile_menu_animation":"","patiotime_single_custom_mobile_menu_width":"","patiotime_single_custom_mobile_menu_custom_width":375,"footnotes":""},"class_list":["post-7244","page","type-page","status-publish","hentry"],"yoast_head":"<!-- This site is optimized with the Yoast SEO plugin v23.1 - https:\/\/yoast.com\/wordpress\/plugins\/seo\/ -->\n<title>CHICKEN CHILLI - Mumbai Food<\/title>\n<meta name=\"robots\" content=\"index, follow, max-snippet:-1, max-image-preview:large, max-video-preview:-1\" \/>\n<link rel=\"canonical\" href=\"https:\/\/mumbaifood.ro\/en\/meniu\/chicken-chilli\/\" \/>\n<meta property=\"og:locale\" content=\"en_US\" \/>\n<meta property=\"og:type\" content=\"article\" \/>\n<meta property=\"og:title\" content=\"CHICKEN CHILLI - Mumbai Food\" \/>\n<meta property=\"og:description\" content=\"CHICKEN CHILLI MUMBAI FOOD CHICKEN CHILLI INGREDIENTE: Piept de pui 200g, sos de soia, sos de ro\u0219ii, ardei iute, ardei gras, ardei kapia, ceap\u0103 ro\u0219ie, usturoi, ceap\u0103 verde, ghimbir, boia, kitchen king, chimion, curcuma, garam masala, sare, coriandru, piper ALERGENI: Soia, mu\u0219tar 61,00 LEI &#8211; 400g Adev\u0103rata experien\u021b\u0103 culinar\u0103 indian\u0103.\" \/>\n<meta property=\"og:url\" content=\"https:\/\/mumbaifood.ro\/en\/meniu\/chicken-chilli\/\" \/>\n<meta property=\"og:site_name\" content=\"Mumbai Food\" \/>\n<meta property=\"article:modified_time\" content=\"2026-02-23T15:19:56+00:00\" \/>\n<meta property=\"og:image\" content=\"https:\/\/mumbaifood.ro\/wp-content\/uploads\/2024\/06\/chicken-chilli-min-1024x683.jpg\" \/>\n<meta name=\"twitter:card\" content=\"summary_large_image\" \/>\n<meta name=\"twitter:label1\" content=\"Est. reading time\" \/>\n\t<meta name=\"twitter:data1\" content=\"1 minute\" \/>\n<script type=\"application\/ld+json\" class=\"yoast-schema-graph\">{\"@context\":\"https:\/\/schema.org\",\"@graph\":[{\"@type\":\"WebPage\",\"@id\":\"https:\/\/mumbaifood.ro\/meniu\/chicken-chilli\/\",\"url\":\"https:\/\/mumbaifood.ro\/meniu\/chicken-chilli\/\",\"name\":\"CHICKEN CHILLI - Mumbai Food\",\"isPartOf\":{\"@id\":\"https:\/\/mumbaifood.ro\/#website\"},\"primaryImageOfPage\":{\"@id\":\"https:\/\/mumbaifood.ro\/meniu\/chicken-chilli\/#primaryimage\"},\"image\":{\"@id\":\"https:\/\/mumbaifood.ro\/meniu\/chicken-chilli\/#primaryimage\"},\"thumbnailUrl\":\"https:\/\/mumbaifood.ro\/wp-content\/uploads\/2024\/06\/chicken-chilli-min-1024x683.jpg\",\"datePublished\":\"2024-06-05T12:14:11+00:00\",\"dateModified\":\"2026-02-23T15:19:56+00:00\",\"breadcrumb\":{\"@id\":\"https:\/\/mumbaifood.ro\/meniu\/chicken-chilli\/#breadcrumb\"},\"inLanguage\":\"en-US\",\"potentialAction\":[{\"@type\":\"ReadAction\",\"target\":[\"https:\/\/mumbaifood.ro\/meniu\/chicken-chilli\/\"]}]},{\"@type\":\"ImageObject\",\"inLanguage\":\"en-US\",\"@id\":\"https:\/\/mumbaifood.ro\/meniu\/chicken-chilli\/#primaryimage\",\"url\":\"https:\/\/mumbaifood.ro\/wp-content\/uploads\/2024\/06\/chicken-chilli-min-1024x683.jpg\",\"contentUrl\":\"https:\/\/mumbaifood.ro\/wp-content\/uploads\/2024\/06\/chicken-chilli-min-1024x683.jpg\"},{\"@type\":\"BreadcrumbList\",\"@id\":\"https:\/\/mumbaifood.ro\/meniu\/chicken-chilli\/#breadcrumb\",\"itemListElement\":[{\"@type\":\"ListItem\",\"position\":1,\"name\":\"Home\",\"item\":\"https:\/\/mumbaifood.ro\/\"},{\"@type\":\"ListItem\",\"position\":2,\"name\":\"Meniu\",\"item\":\"https:\/\/mumbaifood.ro\/meniu\/\"},{\"@type\":\"ListItem\",\"position\":3,\"name\":\"CHICKEN CHILLI\"}]},{\"@type\":\"WebSite\",\"@id\":\"https:\/\/mumbaifood.ro\/#website\",\"url\":\"https:\/\/mumbaifood.ro\/\",\"name\":\"Mumbai Food\",\"description\":\"\",\"publisher\":{\"@id\":\"https:\/\/mumbaifood.ro\/#organization\"},\"potentialAction\":[{\"@type\":\"SearchAction\",\"target\":{\"@type\":\"EntryPoint\",\"urlTemplate\":\"https:\/\/mumbaifood.ro\/?s={search_term_string}\"},\"query-input\":\"required name=search_term_string\"}],\"inLanguage\":\"en-US\"},{\"@type\":\"Organization\",\"@id\":\"https:\/\/mumbaifood.ro\/#organization\",\"name\":\"Mumbai Food\",\"url\":\"https:\/\/mumbaifood.ro\/\",\"logo\":{\"@type\":\"ImageObject\",\"inLanguage\":\"en-US\",\"@id\":\"https:\/\/mumbaifood.ro\/#\/schema\/logo\/image\/\",\"url\":\"https:\/\/mumbaifood.ro\/wp-content\/uploads\/2024\/03\/Logo-Mumbai-Gold-min.png\",\"contentUrl\":\"https:\/\/mumbaifood.ro\/wp-content\/uploads\/2024\/03\/Logo-Mumbai-Gold-min.png\",\"width\":1686,\"height\":1310,\"caption\":\"Mumbai Food\"},\"image\":{\"@id\":\"https:\/\/mumbaifood.ro\/#\/schema\/logo\/image\/\"}}]}<\/script>\n<!-- \/ Yoast SEO plugin. -->","yoast_head_json":{"title":"CHICKEN CHILLI - Mumbai Food","robots":{"index":"index","follow":"follow","max-snippet":"max-snippet:-1","max-image-preview":"max-image-preview:large","max-video-preview":"max-video-preview:-1"},"canonical":"https:\/\/mumbaifood.ro\/en\/meniu\/chicken-chilli\/","og_locale":"en_US","og_type":"article","og_title":"CHICKEN CHILLI - Mumbai Food","og_description":"CHICKEN CHILLI MUMBAI FOOD CHICKEN CHILLI INGREDIENTE: Piept de pui 200g, sos de soia, sos de ro\u0219ii, ardei iute, ardei gras, ardei kapia, ceap\u0103 ro\u0219ie, usturoi, ceap\u0103 verde, ghimbir, boia, kitchen king, chimion, curcuma, garam masala, sare, coriandru, piper ALERGENI: Soia, mu\u0219tar 61,00 LEI &#8211; 400g Adev\u0103rata experien\u021b\u0103 culinar\u0103 indian\u0103.","og_url":"https:\/\/mumbaifood.ro\/en\/meniu\/chicken-chilli\/","og_site_name":"Mumbai Food","article_modified_time":"2026-02-23T15:19:56+00:00","og_image":[{"url":"https:\/\/mumbaifood.ro\/wp-content\/uploads\/2024\/06\/chicken-chilli-min-1024x683.jpg"}],"twitter_card":"summary_large_image","twitter_misc":{"Est. reading time":"1 minute"},"schema":{"@context":"https:\/\/schema.org","@graph":[{"@type":"WebPage","@id":"https:\/\/mumbaifood.ro\/meniu\/chicken-chilli\/","url":"https:\/\/mumbaifood.ro\/meniu\/chicken-chilli\/","name":"CHICKEN CHILLI - Mumbai Food","isPartOf":{"@id":"https:\/\/mumbaifood.ro\/#website"},"primaryImageOfPage":{"@id":"https:\/\/mumbaifood.ro\/meniu\/chicken-chilli\/#primaryimage"},"image":{"@id":"https:\/\/mumbaifood.ro\/meniu\/chicken-chilli\/#primaryimage"},"thumbnailUrl":"https:\/\/mumbaifood.ro\/wp-content\/uploads\/2024\/06\/chicken-chilli-min-1024x683.jpg","datePublished":"2024-06-05T12:14:11+00:00","dateModified":"2026-02-23T15:19:56+00:00","breadcrumb":{"@id":"https:\/\/mumbaifood.ro\/meniu\/chicken-chilli\/#breadcrumb"},"inLanguage":"en-US","potentialAction":[{"@type":"ReadAction","target":["https:\/\/mumbaifood.ro\/meniu\/chicken-chilli\/"]}]},{"@type":"ImageObject","inLanguage":"en-US","@id":"https:\/\/mumbaifood.ro\/meniu\/chicken-chilli\/#primaryimage","url":"https:\/\/mumbaifood.ro\/wp-content\/uploads\/2024\/06\/chicken-chilli-min-1024x683.jpg","contentUrl":"https:\/\/mumbaifood.ro\/wp-content\/uploads\/2024\/06\/chicken-chilli-min-1024x683.jpg"},{"@type":"BreadcrumbList","@id":"https:\/\/mumbaifood.ro\/meniu\/chicken-chilli\/#breadcrumb","itemListElement":[{"@type":"ListItem","position":1,"name":"Home","item":"https:\/\/mumbaifood.ro\/"},{"@type":"ListItem","position":2,"name":"Meniu","item":"https:\/\/mumbaifood.ro\/meniu\/"},{"@type":"ListItem","position":3,"name":"CHICKEN CHILLI"}]},{"@type":"WebSite","@id":"https:\/\/mumbaifood.ro\/#website","url":"https:\/\/mumbaifood.ro\/","name":"Mumbai Food","description":"","publisher":{"@id":"https:\/\/mumbaifood.ro\/#organization"},"potentialAction":[{"@type":"SearchAction","target":{"@type":"EntryPoint","urlTemplate":"https:\/\/mumbaifood.ro\/?s={search_term_string}"},"query-input":"required name=search_term_string"}],"inLanguage":"en-US"},{"@type":"Organization","@id":"https:\/\/mumbaifood.ro\/#organization","name":"Mumbai Food","url":"https:\/\/mumbaifood.ro\/","logo":{"@type":"ImageObject","inLanguage":"en-US","@id":"https:\/\/mumbaifood.ro\/#\/schema\/logo\/image\/","url":"https:\/\/mumbaifood.ro\/wp-content\/uploads\/2024\/03\/Logo-Mumbai-Gold-min.png","contentUrl":"https:\/\/mumbaifood.ro\/wp-content\/uploads\/2024\/03\/Logo-Mumbai-Gold-min.png","width":1686,"height":1310,"caption":"Mumbai Food"},"image":{"@id":"https:\/\/mumbaifood.ro\/#\/schema\/logo\/image\/"}}]}},"_links":{"self":[{"href":"https:\/\/mumbaifood.ro\/en\/wp-json\/wp\/v2\/pages\/7244","targetHints":{"allow":["GET"]}}],"collection":[{"href":"https:\/\/mumbaifood.ro\/en\/wp-json\/wp\/v2\/pages"}],"about":[{"href":"https:\/\/mumbaifood.ro\/en\/wp-json\/wp\/v2\/types\/page"}],"author":[{"embeddable":true,"href":"https:\/\/mumbaifood.ro\/en\/wp-json\/wp\/v2\/users\/1"}],"replies":[{"embeddable":true,"href":"https:\/\/mumbaifood.ro\/en\/wp-json\/wp\/v2\/comments?post=7244"}],"version-history":[{"count":13,"href":"https:\/\/mumbaifood.ro\/en\/wp-json\/wp\/v2\/pages\/7244\/revisions"}],"predecessor-version":[{"id":8930,"href":"https:\/\/mumbaifood.ro\/en\/wp-json\/wp\/v2\/pages\/7244\/revisions\/8930"}],"up":[{"embeddable":true,"href":"https:\/\/mumbaifood.ro\/en\/wp-json\/wp\/v2\/pages\/6954"}],"wp:attachment":[{"href":"https:\/\/mumbaifood.ro\/en\/wp-json\/wp\/v2\/media?parent=7244"}],"curies":[{"name":"wp","href":"https:\/\/api.w.org\/{rel}","templated":true}]}}